{"id":1022,"date":"2023-05-16T17:44:26","date_gmt":"2023-05-16T15:44:26","guid":{"rendered":"http:\/\/rsv-herten.de\/wordpress\/?page_id=1022"},"modified":"2026-04-20T21:49:53","modified_gmt":"2026-04-20T19:49:53","slug":"willkommen-auf-der-webseite-des-radsportvereins-herten-1907-e-v","status":"publish","type":"page","link":"https:\/\/rsv-herten.de\/wordpress\/","title":{"rendered":"Willkommen auf der Webseite des Radsportvereins Herten 1907 e.V."},"content":{"rendered":"\n<div class=\"wp-block-media-text alignwide is-stacked-on-mobile is-vertically-aligned-top\" style=\"grid-template-columns:42% auto\"><figure class=\"wp-block-media-text__media\"><img loading=\"lazy\" decoding=\"async\" width=\"582\" height=\"1024\" src=\"https:\/\/rsv-herten.de\/wordpress\/wp-content\/uploads\/2026\/04\/P1000741-582x1024.jpg\" alt=\"\" class=\"wp-image-1422 size-full\" srcset=\"https:\/\/rsv-herten.de\/wordpress\/wp-content\/uploads\/2026\/04\/P1000741-582x1024.jpg 582w, https:\/\/rsv-herten.de\/wordpress\/wp-content\/uploads\/2026\/04\/P1000741-171x300.jpg 171w, https:\/\/rsv-herten.de\/wordpress\/wp-content\/uploads\/2026\/04\/P1000741-768x1351.jpg 768w, https:\/\/rsv-herten.de\/wordpress\/wp-content\/uploads\/2026\/04\/P1000741-873x1536.jpg 873w, https:\/\/rsv-herten.de\/wordpress\/wp-content\/uploads\/2026\/04\/P1000741-1165x2048.jpg 1165w, https:\/\/rsv-herten.de\/wordpress\/wp-content\/uploads\/2026\/04\/P1000741-scaled.jpg 1456w\" sizes=\"auto, (max-width: 582px) 100vw, 582px\" \/><\/figure><div class=\"wp-block-media-text__content\">\n<p>Wir sind ein Kunstradsportverein mit Sitz in S\u00fcdbaden und begeistern uns f\u00fcr die Sch\u00f6nheit und Pr\u00e4zision des Kunstradfahrens. Hier finden Sie alle Informationen \u00fcber unseren Verein, unsere Aktivit\u00e4ten und kommende Veranstaltungen. Wir laden Sie ein, sich umzusehen und mehr \u00fcber unsere Leidenschaft f\u00fcr den Kunstradsport zu erfahren! <\/p>\n<\/div><\/div>\n\n\n\n<p>Kunstradfahren ist eine faszinierende Sportart, die ein hohes Ma\u00df an Balance, Koordination und Konzentration erfordert. Dabei zeigen die Sportlerinnen und Sportler auf einem speziellen Fahrrad akrobatische Figuren und anspruchsvolle Tricks auf einem begrenzten Raum.<\/p>\n\n\n\n<p>Die Kunst besteht darin, die Bewegungen pr\u00e4zise auszuf\u00fchren und dabei eine harmonische Choreografie mit Musik zu gestalten.<\/p>\n\n\n\n<figure class=\"wp-block-image size-large\"><a href=\"http:\/\/rsv-herten.de\/wordpress\/wp-content\/uploads\/2026\/04\/WhatsApp-Image-2026-04-20-at-21.10.56-scaled.jpeg\"><img loading=\"lazy\" decoding=\"async\" width=\"1024\" height=\"1024\" src=\"http:\/\/rsv-herten.de\/wordpress\/wp-content\/uploads\/2026\/04\/WhatsApp-Image-2026-04-20-at-21.10.56-1024x1024.jpeg\" alt=\"\" class=\"wp-image-1419\" srcset=\"https:\/\/rsv-herten.de\/wordpress\/wp-content\/uploads\/2026\/04\/WhatsApp-Image-2026-04-20-at-21.10.56-1024x1024.jpeg 1024w, https:\/\/rsv-herten.de\/wordpress\/wp-content\/uploads\/2026\/04\/WhatsApp-Image-2026-04-20-at-21.10.56-300x300.jpeg 300w, https:\/\/rsv-herten.de\/wordpress\/wp-content\/uploads\/2026\/04\/WhatsApp-Image-2026-04-20-at-21.10.56-150x150.jpeg 150w, https:\/\/rsv-herten.de\/wordpress\/wp-content\/uploads\/2026\/04\/WhatsApp-Image-2026-04-20-at-21.10.56-768x768.jpeg 768w, https:\/\/rsv-herten.de\/wordpress\/wp-content\/uploads\/2026\/04\/WhatsApp-Image-2026-04-20-at-21.10.56-1536x1536.jpeg 1536w, https:\/\/rsv-herten.de\/wordpress\/wp-content\/uploads\/2026\/04\/WhatsApp-Image-2026-04-20-at-21.10.56-2048x2048.jpeg 2048w\" sizes=\"auto, (max-width: 1024px) 100vw, 1024px\" \/><\/a><figcaption class=\"wp-element-caption\">Unsere Sportler bei den Bezirksmeisterschaften 2026 in Herten.<\/figcaption><\/figure>\n\n\n\n<p>Im Kunstradsport gibt es verschiedene Disziplinen, die sich in Schwierigkeitsgrad und Aufbau unterscheiden. Bei uns im Radsportverein Herten 1907 e.V. trainieren wir junge und talentierte Kunstradfahrerinnen und Kunstradfahrer, die sich regelm\u00e4\u00dfig auf nationalen und internationalen Wettbewerben messen und Erfolge erzielen.<\/p>\n\n\n\n<h2 class=\"wp-block-heading\">Neueste Blogbeitr\u00e4ge<\/h2>\n\n\n<ul class=\"wp-block-latest-posts__list wp-block-latest-posts\"><li><a class=\"wp-block-latest-posts__post-title\" href=\"https:\/\/rsv-herten.de\/wordpress\/?p=1433\">Starke Leistung bei den Deutschen Meisterschaften \u2013 RSV Herten \u00fcberzeugt mit Bestleistung<\/a><\/li>\n<li><a class=\"wp-block-latest-posts__post-title\" href=\"https:\/\/rsv-herten.de\/wordpress\/?p=1430\">RSV Herten \u00fcberzeugt beim BW-Cup-Finale in Empfingen<\/a><\/li>\n<li><a class=\"wp-block-latest-posts__post-title\" href=\"https:\/\/rsv-herten.de\/wordpress\/?p=1412\">RSV Herten richtet am 19.04.2026 Kunstrad-Wettk\u00e4mpfe in der Scheffelhalle in Herten aus: Regionalpokal 2.Durchgang + Regionalmeisterschaften Sch\u00fcler\/Elite<\/a><\/li>\n<li><a class=\"wp-block-latest-posts__post-title\" href=\"https:\/\/rsv-herten.de\/wordpress\/?p=1403\">Starke Leistung trotz Sturz beim Junior Masters in Schwanewede<\/a><\/li>\n<li><a class=\"wp-block-latest-posts__post-title\" href=\"https:\/\/rsv-herten.de\/wordpress\/?p=1396\">Regionalmeisterschaft im Kunstradfahren in Rheinfelden-Herten<\/a><\/li>\n<\/ul>","protected":false},"excerpt":{"rendered":"<p>Wir sind ein Kunstradsportverein mit Sitz in S\u00fcdbaden und begeistern uns f\u00fcr die Sch\u00f6nheit und Pr\u00e4zision des Kunstradfahrens. Hier finden Sie alle Informationen \u00fcber unseren Verein, unsere Aktivit\u00e4ten und kommende Veranstaltungen. Wir laden Sie ein, sich umzusehen und mehr \u00fcber &hellip; <a href=\"https:\/\/rsv-herten.de\/wordpress\/\">Weiterlesen <span class=\"meta-nav\">&rarr;<\/span><\/a><\/p>\n","protected":false},"author":3,"featured_media":0,"parent":0,"menu_order":0,"comment_status":"closed","ping_status":"closed","template":"","meta":{"ngg_post_thumbnail":0,"footnotes":""},"class_list":["post-1022","page","type-page","status-publish","hentry"],"jetpack_sharing_enabled":true,"_links":{"self":[{"href":"https:\/\/rsv-herten.de\/wordpress\/index.php?rest_route=\/wp\/v2\/pages\/1022","targetHints":{"allow":["GET"]}}],"collection":[{"href":"https:\/\/rsv-herten.de\/wordpress\/index.php?rest_route=\/wp\/v2\/pages"}],"about":[{"href":"https:\/\/rsv-herten.de\/wordpress\/index.php?rest_route=\/wp\/v2\/types\/page"}],"author":[{"embeddable":true,"href":"https:\/\/rsv-herten.de\/wordpress\/index.php?rest_route=\/wp\/v2\/users\/3"}],"replies":[{"embeddable":true,"href":"https:\/\/rsv-herten.de\/wordpress\/index.php?rest_route=%2Fwp%2Fv2%2Fcomments&post=1022"}],"version-history":[{"count":11,"href":"https:\/\/rsv-herten.de\/wordpress\/index.php?rest_route=\/wp\/v2\/pages\/1022\/revisions"}],"predecessor-version":[{"id":1423,"href":"https:\/\/rsv-herten.de\/wordpress\/index.php?rest_route=\/wp\/v2\/pages\/1022\/revisions\/1423"}],"wp:attachment":[{"href":"https:\/\/rsv-herten.de\/wordpress\/index.php?rest_route=%2Fwp%2Fv2%2Fmedia&parent=1022"}],"curies":[{"name":"wp","href":"https:\/\/api.w.org\/{rel}","templated":true}]}}