{"id":11,"date":"2013-02-02T16:33:19","date_gmt":"2013-02-02T14:33:19","guid":{"rendered":"http:\/\/rsv-herten.de\/wordpress\/?page_id=11"},"modified":"2026-04-04T23:24:28","modified_gmt":"2026-04-04T21:24:28","slug":"galerie","status":"publish","type":"page","link":"https:\/\/rsv-herten.de\/wordpress\/?page_id=11","title":{"rendered":"Galerie"},"content":{"rendered":"\n<p>&nbsp;<\/p>\n\n\n\n<p>Die Bilder sind nach Jahreszahlen geordnet. Einfach anklicken!<\/p>\n\n\nngg_shortcode_0_placeholder\n\n\n\n<p><strong><a title=\"2014\" href=\"http:\/\/rsv-herten.de\/wordpress\/?page_id=488\">2014<\/a><\/strong><\/p>\n\n\n\n<p>Vatertagshock am Markhof<\/p>\n\n\n\n<p>Vereinsausflug &#8222;Impulsiv&#8220;<\/p>\n\n\n\n<p><strong><a title=\"2013\" href=\"http:\/\/rsv-herten.de\/wordpress\/?page_id=295\">2013<\/a><\/strong><\/p>\n\n\n\n<p>Showfahren (Jahresfeier TUS Herten)<\/p>\n\n\n\n<p>Kreismeisterschaft der Sch\u00fcler (Lottstetten)<strong><br>\n<\/strong><\/p>\n\n\n\n<p>Badische Meisterschaft der Sch\u00fcler (Laudenbach)<\/p>\n\n\n\n<p>WM Beflaggung in Basel am SBB und Rheinbr\u00fccke<\/p>\n\n\n\n<p>_________________________________________________<\/p>\n\n\n\n<p><strong><a title=\"2012\" href=\"http:\/\/rsv-herten.de\/wordpress\/?page_id=278\">2012<\/a><\/strong><\/p>\n\n\n\n<p>Unsere Sportler<\/p>\n\n\n\n<p>_________________________________________________<\/p>\n\n\n\n<p><strong><a title=\"2010\" href=\"http:\/\/rsv-herten.de\/wordpress\/?page_id=336\">2010<\/a><\/strong><\/p>\n\n\n\n<p>Herzogenhorn<\/p>\n\n\n\n<p>_________________________________________________<\/p>\n\n\n\n<p><strong>1995<\/strong> &#8211; Gruppenbild RSV Herten<\/p>\n\n\n\n<figure class=\"wp-block-image\"><a href=\"http:\/\/rsv-herten.de\/wordpress\/wp-content\/uploads\/2013\/02\/RSV-Herten1995.jpg\"><img loading=\"lazy\" decoding=\"async\" width=\"1024\" height=\"725\" src=\"http:\/\/rsv-herten.de\/wordpress\/wp-content\/uploads\/2013\/02\/RSV-Herten1995.jpg\" alt=\"RSV Herten1995\" class=\"wp-image-385\" srcset=\"https:\/\/rsv-herten.de\/wordpress\/wp-content\/uploads\/2013\/02\/RSV-Herten1995.jpg 1024w, https:\/\/rsv-herten.de\/wordpress\/wp-content\/uploads\/2013\/02\/RSV-Herten1995-300x212.jpg 300w, https:\/\/rsv-herten.de\/wordpress\/wp-content\/uploads\/2013\/02\/RSV-Herten1995-423x300.jpg 423w\" sizes=\"auto, (max-width: 1024px) 100vw, 1024px\" \/><\/a><\/figure>\n\n\n\n<p><\/p>\n","protected":false},"excerpt":{"rendered":"<p>&nbsp; Die Bilder sind nach Jahreszahlen geordnet. Einfach anklicken! 2014 Vatertagshock am Markhof Vereinsausflug &#8222;Impulsiv&#8220; 2013 Showfahren (Jahresfeier TUS Herten) Kreismeisterschaft der Sch\u00fcler (Lottstetten) Badische Meisterschaft der Sch\u00fcler (Laudenbach) WM Beflaggung in Basel am SBB und Rheinbr\u00fccke _________________________________________________ 2012 Unsere &hellip; <a href=\"https:\/\/rsv-herten.de\/wordpress\/?page_id=11\">Weiterlesen <span class=\"meta-nav\">&rarr;<\/span><\/a><\/p>\n","protected":false},"author":1,"featured_media":0,"parent":0,"menu_order":3,"comment_status":"closed","ping_status":"closed","template":"","meta":{"ngg_post_thumbnail":0,"footnotes":""},"class_list":["post-11","page","type-page","status-publish","hentry"],"jetpack_sharing_enabled":true,"_links":{"self":[{"href":"https:\/\/rsv-herten.de\/wordpress\/index.php?rest_route=\/wp\/v2\/pages\/11","targetHints":{"allow":["GET"]}}],"collection":[{"href":"https:\/\/rsv-herten.de\/wordpress\/index.php?rest_route=\/wp\/v2\/pages"}],"about":[{"href":"https:\/\/rsv-herten.de\/wordpress\/index.php?rest_route=\/wp\/v2\/types\/page"}],"author":[{"embeddable":true,"href":"https:\/\/rsv-herten.de\/wordpress\/index.php?rest_route=\/wp\/v2\/users\/1"}],"replies":[{"embeddable":true,"href":"https:\/\/rsv-herten.de\/wordpress\/index.php?rest_route=%2Fwp%2Fv2%2Fcomments&post=11"}],"version-history":[{"count":32,"href":"https:\/\/rsv-herten.de\/wordpress\/index.php?rest_route=\/wp\/v2\/pages\/11\/revisions"}],"predecessor-version":[{"id":1387,"href":"https:\/\/rsv-herten.de\/wordpress\/index.php?rest_route=\/wp\/v2\/pages\/11\/revisions\/1387"}],"wp:attachment":[{"href":"https:\/\/rsv-herten.de\/wordpress\/index.php?rest_route=%2Fwp%2Fv2%2Fmedia&parent=11"}],"curies":[{"name":"wp","href":"https:\/\/api.w.org\/{rel}","templated":true}]}}