{"id":12,"date":"2013-02-02T16:33:29","date_gmt":"2013-02-02T14:33:29","guid":{"rendered":"http:\/\/rsv-herten.de\/wordpress\/?page_id=12"},"modified":"2024-10-12T13:33:52","modified_gmt":"2024-10-12T11:33:52","slug":"kontakt","status":"publish","type":"page","link":"https:\/\/rsv-herten.de\/wordpress\/?page_id=12","title":{"rendered":"Impressum"},"content":{"rendered":"\n<p>\u00dcber die folgenden eMail-Adressen oder das Kontaktformular erreichen Sie uns. Wenn Sie Fragen oder Anregungen haben, wenden Sie sich einfach an die entsprechende Person.<\/p>\n\n\n\n<p><strong>Vereinsanschrift:<\/strong><\/p>\n\n\n\n<blockquote class=\"wp-block-quote is-layout-flow wp-block-quote-is-layout-flow\">\n<p>RSV Herten 1907 e. V.<br>z. Hd. Reinhard Wei\u00df<br>Rainstra\u00dfe 14<br>79539 L\u00f6rrach<\/p>\n<\/blockquote>\n\n\n\n<figure class=\"wp-block-table\"><table><tbody><tr><td><strong>1. Vorsitzender (<b>Vertretungsberechtigt)<\/b><\/strong><\/td><td>&nbsp;<\/td><td>&nbsp;<\/td><\/tr><tr><td><blockquote><p>Markus Brosch\u00a0\u00a0<\/p><\/blockquote><\/td><td>&nbsp;<\/td><td>&nbsp;<\/td><\/tr><tr><td><strong>2. Vorsitzender<\/strong><\/td><td>&nbsp;<\/td><td>&nbsp;<\/td><\/tr><tr><td>\n<blockquote><p><span class=\"s2\"><span class=\"bumpedFont15\">Torsten <\/span><\/span><span class=\"s2\"><span class=\"bumpedFont15\">Peterle <\/span><\/span><\/p><\/blockquote>\n<p>&nbsp;<\/p>\n<\/td><td>&nbsp;<\/td><td>&nbsp;<\/td><\/tr><tr><td><strong>Kassierer (<b>Vertretungsberechtigt)<\/b><\/strong><\/td><td>&nbsp;<\/td><td>&nbsp;<\/td><\/tr><tr><td>\n<blockquote><p>Reinhard Wei\u00df<br>Rainstra\u00dfe 14<br>79539 L\u00f6rrach&nbsp;<br>kassierer[\u00e4t]rsv-herten.de&nbsp;<\/p><\/blockquote>\n<\/td><td>&nbsp;<\/td><td>&nbsp;<\/td><\/tr><tr><td><strong>Sportleiterin und Schriftf\u00fchrerin<\/strong><\/td><td>&nbsp;<\/td><td>&nbsp;<\/td><\/tr><tr><td>\n<blockquote><p>Karla Schmidt<\/p><\/blockquote>\n<blockquote><p>protokoll[\u00e4t]rsv-herten.de<\/p><\/blockquote>\n<\/td><td>&nbsp;<\/td><td>&nbsp;<\/td><\/tr><tr><td><strong>Webmaster<\/strong><\/td><td>&nbsp;<\/td><td>&nbsp;<\/td><\/tr><tr><td>\n<blockquote><p>Karla Schmidt und Philip Steinebrunner<br>webmaster[\u00e4t]rsv-herten.de<\/p><\/blockquote>\n<\/td><td>&nbsp;<\/td><td>&nbsp;<\/td><\/tr><\/tbody><\/table><\/figure>\n","protected":false},"excerpt":{"rendered":"<p>\u00dcber die folgenden eMail-Adressen oder das Kontaktformular erreichen Sie uns. Wenn Sie Fragen oder Anregungen haben, wenden Sie sich einfach an die entsprechende Person. Vereinsanschrift: RSV Herten 1907 e. V.z. Hd. Reinhard Wei\u00dfRainstra\u00dfe 1479539 L\u00f6rrach 1. Vorsitzender (Vertretungsberechtigt) &nbsp; &nbsp; &hellip; <a href=\"https:\/\/rsv-herten.de\/wordpress\/?page_id=12\">Weiterlesen <span class=\"meta-nav\">&rarr;<\/span><\/a><\/p>\n","protected":false},"author":1,"featured_media":0,"parent":0,"menu_order":9,"comment_status":"closed","ping_status":"closed","template":"","meta":{"ngg_post_thumbnail":0,"footnotes":""},"class_list":["post-12","page","type-page","status-publish","hentry"],"jetpack_sharing_enabled":true,"_links":{"self":[{"href":"https:\/\/rsv-herten.de\/wordpress\/index.php?rest_route=\/wp\/v2\/pages\/12","targetHints":{"allow":["GET"]}}],"collection":[{"href":"https:\/\/rsv-herten.de\/wordpress\/index.php?rest_route=\/wp\/v2\/pages"}],"about":[{"href":"https:\/\/rsv-herten.de\/wordpress\/index.php?rest_route=\/wp\/v2\/types\/page"}],"author":[{"embeddable":true,"href":"https:\/\/rsv-herten.de\/wordpress\/index.php?rest_route=\/wp\/v2\/users\/1"}],"replies":[{"embeddable":true,"href":"https:\/\/rsv-herten.de\/wordpress\/index.php?rest_route=%2Fwp%2Fv2%2Fcomments&post=12"}],"version-history":[{"count":22,"href":"https:\/\/rsv-herten.de\/wordpress\/index.php?rest_route=\/wp\/v2\/pages\/12\/revisions"}],"predecessor-version":[{"id":1176,"href":"https:\/\/rsv-herten.de\/wordpress\/index.php?rest_route=\/wp\/v2\/pages\/12\/revisions\/1176"}],"wp:attachment":[{"href":"https:\/\/rsv-herten.de\/wordpress\/index.php?rest_route=%2Fwp%2Fv2%2Fmedia&parent=12"}],"curies":[{"name":"wp","href":"https:\/\/api.w.org\/{rel}","templated":true}]}}