{"id":171,"date":"2013-02-07T10:45:08","date_gmt":"2013-02-07T08:45:08","guid":{"rendered":"http:\/\/rsv-herten.de\/wordpress\/?page_id=171"},"modified":"2023-11-26T18:05:50","modified_gmt":"2023-11-26T16:05:50","slug":"vereins-chronik","status":"publish","type":"page","link":"https:\/\/rsv-herten.de\/wordpress\/?page_id=171","title":{"rendered":"Vereinsgeschichte"},"content":{"rendered":"\n<figure class=\"wp-block-table\"><table><tbody><tr><td><strong>2023<\/strong><br><br><br><br><br><br><\/td><td>Magdelena Wei\u00df wird badische Meisterin der der Altersklasse U11 und gewinnt den Bezirkspokal vor ihren Vereinskolleginnen Rahel Schulz und Lilly Fa nach drei Durchlaufen. <br>Rahel Schulz erreicht bei den Badischen Meisterschaften den 3. Platz. Weitere Platzierungen schaffen Rebekka Wei\u00df (Platz 5, U13) und Amelie Peterle (Platz 7)<br>Die beiden Schwerstern Rebekka und Magdalena Wei\u00df werden in den Talent Aufbau Kader (TAK) aufgenommen.  <\/td><\/tr><tr><td><strong>2022<\/strong><br><br><br><\/td><td>Magdalena Wei\u00df wird badische Vizemeisterin in der Altersklasse U11 und gewinnt den Bezirkspokal nach 3 Durchl\u00e4ufen.  <br>Rebekka Wei\u00df (U13) und Rahel Schulz (U9) gewinnen in ihren Altersklassen den Bezirkspokal nach 3 Durchl\u00e4ufen.<\/td><\/tr><tr><td><strong>2019<\/strong><br><br><\/td><td>Der RSV Herten hat dieses Jahr einen Badischen Meister und einen Vizemeister unter seinen Sportlern! Liam gewinnt bei den U13, gefolgt von Frieder in einem sehr dichten Teilnehmerfeld.<\/td><\/tr><tr><td><strong>2018<\/strong><br><br><br><br><br><\/td><td>Beim Bezirkspokal erreichen in der Gruppe U11 der Sch\u00fclerinnen Carolin Burkart den 2. Platz und Karolina Gie\u00dfbach den 3.Platz. Marie Gie\u00dfbach belegt bei den U9 den 2.Platz. Liam Model erlangt sogar bei den U11 den Klassensieg und Frieder Wildenhahn wird bei den U13 Zweiter. Beide qualifizierten sich in diesem Jahr f\u00fcr die Badischen Meisterschaften und erlangten dort einen 4. (Liam U11) und einen 5.Platz (Frieder U13).<\/td><\/tr><tr><td><strong>2017<\/strong><\/td><td>Die neuen Sportler\/innen erfuhren sich gute und sehr gute Pl\u00e4tze am diesj\u00e4hrigen Bezirkspokal. Frieder Wildenhahn gewinnt bei den Sch\u00fclern U11 und Liam Model wird mit den Ergebnissen von nur zwei Wettk\u00e4mpfen sogar Dritter. Johanna Wildenhahn verteidigt souver\u00e4n ihren zweiten Platz bei den Sch\u00fclerinnen U9.<\/td><\/tr><tr><td><strong>2016<\/strong><\/td><td>Nach einem Showfahren in der Grundschule Herten treten 10 neue Sportler\/innen dem RSV Herten bei.<\/td><\/tr><tr><td><strong>2015<\/strong><\/td><td>Nun auch offiziell \u00fcbernimmt Karla Steinebrunner die Leitung aller sportlichen Aktivit\u00e4ten. An den diesj\u00e4hrigen Badischen Meisterschaften erlangte Kai Schulzendorff den 2. Platz (U15).<\/td><\/tr><tr><td><strong>2014<\/strong><\/td><td>Der RSV Herten organisiert das 1. Hertener Weind\u00f6rfle mit dem neu gew\u00e4hlten 1. Vorstand Martin Schm\u00e4hling. Mit nur sehr wenig Punktunterschied zum ersten und zweiten Platz erh\u00e4lt Kai Schulzendorff den 3.Platz an der Badischen Sch\u00fclermeisterschaft. Amelie Knispel ist beim Bezirkspokal Drittplatzierte bei den Sch\u00fclerinnen U13.<\/td><\/tr><tr><td><strong>2013<\/strong><\/td><td>Die Organisation der diesj\u00e4hrigen Hallenradsport WM in Basel wird von Mitgliedern des RSV Herten und Marianne Kern (Swiss Cycling) \u00fcbernommen.<br>Kai Schulzendorff (Sch\u00fcler B) verteidigt seinen 2. Platz&nbsp; mit einer Bestleistung an den Badischen Meisterschaften in Laudenbach.<\/td><\/tr><tr><td><strong>2012<\/strong><\/td><td>Kai Schulzendorff (Sch\u00fcler C) qualifiziert sich f\u00fcr die Badische Meisterschaft in M\u00fchlhausen. Er beendet sein Programm mit einer Bestleistung und macht zwei Pl\u00e4tze gut, sodass er den 5.Platz erreicht.<\/td><\/tr><tr><td><strong>2011<\/strong><\/td><td>Gr\u00fcndung der IG Hallenradsport WM. Mitglieder des RSV Herten entscheiden sich gemeinsam mit Marianne Kern (Swiss Cycling) die&nbsp;<span style=\"text-decoration: underline;\"><a href=\"http:\/\/rsv-herten.de\/wordpress\/wp-content\/uploads\/2013\/02\/Weltmeisterschaft.pdf\">Weltmeisterschaft<\/a><\/span> in Basel auszutragen!<\/td><\/tr><tr><td><strong>2010<\/strong><\/td><td>&nbsp;Der RSV Herten erh\u00e4lt ein neues Logo, die Vereinsfarbe &#8222;Orange&#8220; und somit auch neue Trainingsanz\u00fcge und Bodys.<\/td><\/tr><tr><td><strong>2008<\/strong><\/td><td>Gr\u00fcndung des F\u00f6rdervereins Hallenradsport Herten e.V.<\/td><\/tr><tr><td><strong>2007<\/strong><\/td><td>Der RSV Herten feiert sein 100-J\u00e4hriges Jubil\u00e4um mit der Partyband &#8222;Lollies&#8220; in der Scheffelhalle Herten und richtet einen 3-Nationen-Cup, zwischen D &#8211; CH &#8211; AU in der Fecamphalle in Rheinfelden, aus. Kathrin Braun und Karla Steinebrunner erreichen im Zweier-Kunstradfahren den 3. Platz an der Badischen Meisterschaft.<\/td><\/tr><tr><td><strong>2006<\/strong><\/td><td>Eine Vierer-Einrad Mannschaft wird unter der Leitung von Verena Apfel gegr\u00fcndet. Fabian L\u00fctdke wird Badischer Meister und verpasst knapp die Qualifikation f\u00fcr die Deutsche Meisterschaft. Erstmals gewinnt der RSV Herten den Pokal beim Freundschaftswettkampf mit dem RV Hohenems. Das Konzert vom &#8222;Alpensepp &amp; Co.&#8220; wird erstmals vom RSV Herten organisiert.<\/td><\/tr><tr><td><strong>2005<\/strong><\/td><td>Der Verein erh\u00e4lt internationalen Zuwachs mit Loic Libis aus Fankreich und Thomas und Christian F\u00e4h aus der Schweiz. Die Schweizer Vizemeister erreichen an der Weltmeisterschaft in Freiburg den 6.Platz. Fabian L\u00fctdke wird Badischer Meister und Loic Libis wird Zweiter. Judith und Kathrin Braun erhalten die bronzene Medaille an der Badischen Meisterschaft.<\/td><\/tr><tr><td><strong>2004<\/strong><\/td><td>Zum ersten Mal wird die Bewirtung am 1. Mai und am Vatertag (Markhof\/gemeinsam mit dem Gesangsverein) vom RSV Herten \u00fcbernommen.<\/td><\/tr><tr><td><strong>2003<\/strong><\/td><td>Der RSV Herten richtet einen <span style=\"text-decoration: underline;\"><a href=\"http:\/\/rsv-herten.de\/wordpress\/wp-content\/uploads\/2013\/02\/L\u00e4nderkampf.pdf\">L\u00e4nderkampf<\/a><\/span> zwischen Deutschland und der Schweiz aus.<\/td><\/tr><tr><td><strong>2001<\/strong><\/td><td>Der RSV Herten richtet einen L\u00e4nderkampf zwischen Deutschland und der Schweiz aus. Die Zweier-Kunstradfahrerinnen Winkler\/Steinebrunner steigern sich zum Vorjahr und belegen den 2.Platz an der Badischen Meisterschaft.<\/td><\/tr><tr><td><strong>2000<\/strong><\/td><td>Der RSV Herten richtet die Badische Meisterschaft in der Fecamp-Halle (Rheinfelden) aus. Sophie Winkler belegt dort mit ihrer Zweierpartnerin Karla Steinebrunner (<span style=\"text-decoration: underline;\"><a href=\"http:\/\/rsv-herten.de\/wordpress\/wp-content\/uploads\/2013\/02\/Winkler_Steinebrunner.pdf\">Winkler_Steinebrunner<\/a>)<\/span> den 3.Platz.<\/td><\/tr><tr><td><strong>1999<\/strong><\/td><td>Sigrid Hupfer \u00fcbergibt das Traineramt an Martin Schm\u00e4hling. In diesem Jahr findet erstmals der Freundschaftswettkampf zwischen RV Hohenems und RSV Herten statt.<\/td><\/tr><tr><td><strong>1998<\/strong><\/td><td>Martin Schm\u00e4hling und Tobias Stumpp belegen den 6. Platz bei der Gesamtdeutschen Meisterschaft der Elite. Johannes Sick und Philip Steinebrunner nehmen erneut an der Badischen Meisterschaft teil und belegen den 3. Platz.<\/td><\/tr><tr><td><strong>1997<\/strong><\/td><td>Der RSV Herten f\u00fchrt einen WM &#8211; Testlauf f\u00fcr die deutsche Nationalmannschaft durch. Johannes Sick und Philip Steinebrunner werden im Zweier Kunstfahren Badischer Meister.<\/td><\/tr><tr><td><strong>1996<\/strong><\/td><td>Matthias R\u00fcsch und Simon Winkler erklimmen den 3. Platz an der Gesamtbadischen Meisterschaft. Der RSV Herten richtet einen L\u00e4nderkampf zwischen Deutschland und Tschechien aus.<\/td><\/tr><tr><td><strong>1995<\/strong><\/td><td>Im Zweier Kunstradfahren erreichen Martin Schm\u00e4hling und Tobias Stumpp das erste Treppchen an der Badischen Meisterschaft. (so auch im folgenden Jahr 1996) Auch das Zweierpaar R\u00fcsch\/Winkler verbuchen Erfolge, wie den 12. Platz an der Deutschen Meisterschaft!<\/td><\/tr><tr><td><strong>1994<\/strong><\/td><td>Angelika Philipp und Sigrid Hupfer werden Dritte an den Deutschen Meisterschaften der Elite und sind bis 1995 im B-Kader der deutschen Nationalmannschaft. Martin Schm\u00e4hling und Tobias Stumpp belegen an der S\u00fcddeutschen Meisterschaft den 4. Platz. Seit diesem Jahr geht der RSV Herten jedes Jahr auf das Herzogenhorn (Feldberg), um dort ein Wochenende lang zu trainieren.<\/td><\/tr><tr><td><strong>1993<\/strong><\/td><td>Sigrid Hupfer startet ein Comeback mit ihrer neuen Zweierpartnerin Angelika Philipp. Martin Schm\u00e4hling und Tobias Stumpp werden in den Jahren 1990 bis 1993 Badischer Meister.<\/td><\/tr><tr><td><strong>1992<\/strong><\/td><td>Marianne Holte und Angelika Philipp sind Mitglieder der deutschen Nationalmannschaft.<\/td><\/tr><tr><td><strong>1991<\/strong><\/td><td>Sigrid Hupfer \u00fcbernimmt das Training in der Scheffelhalle.<\/td><\/tr><tr><td><strong>1988-90<\/strong><\/td><td>Sigrid Hupfer und ihre Zweierpartnerin Ulrike Meyer werden Deutsche Meister. Sie nehmen an drei Weltmeisterschaften teil und erzielen den 2., 3. und 5. Platz ! In dieser Zeit sind sie Mitglieder der deutschen Nationalmannschaft und bis heute die erfolgreichsten Sportler des RSV!<\/td><\/tr><tr><td><strong>1987<\/strong><\/td><td>Susie Riedlinger und Elke S\u00e4linger erreichen den 2.Platz bei der Deutschen Sch\u00fclermeisterschaft. Rainer Meier wird in den C-Kader (Junioren-Nationalmannschaft) eingeladen.<\/td><\/tr><tr><td><strong>1971-73<\/strong><\/td><td>Der RSV Herten kann seine ersten Deutschen Meister im Einer- und Zweier- Kunstradfahren verzeichnen.<\/td><\/tr><tr><td><strong>1966<\/strong><\/td><td>Die Scheffehalle wird gebaut. Eberhard Seybold trainiert nun elf Sportler in der Halle (u.a. Paul Jabas, Rolf Rode, Ulrike Eckert, Antje Riedel und Hans-Peter Schm\u00e4hling).<\/td><\/tr><tr><td><strong>1952<\/strong><\/td><td>Walter Mehlin, Johann Bieger, Theophil Wolpensinger und Oskar Strub gr\u00fcnden den Verein erneut.<\/td><\/tr><tr><td><strong>1933<\/strong><\/td><td>Die Vereinsakten werden von den Nationalsozialisten beschlagnahmt.<\/td><\/tr><tr><td><strong>1914-18<\/strong><\/td><td>W\u00e4hrend des 1. Weltkrieges ist der Verein inaktiv.<\/td><\/tr><tr><td><strong>1907<\/strong><\/td><td>Unser Verein wird von Allbert K\u00e4uflin, Josef Rohninger, Karl Bruch und Franz Zeier gegr\u00fcndet.<\/td><\/tr><\/tbody><\/table><\/figure>\n","protected":false},"excerpt":{"rendered":"<p>2023 Magdelena Wei\u00df wird badische Meisterin der der Altersklasse U11 und gewinnt den Bezirkspokal vor ihren Vereinskolleginnen Rahel Schulz und Lilly Fa nach drei Durchlaufen. Rahel Schulz erreicht bei den Badischen Meisterschaften den 3. Platz. Weitere Platzierungen schaffen Rebekka Wei\u00df &hellip; <a href=\"https:\/\/rsv-herten.de\/wordpress\/?page_id=171\">Weiterlesen <span class=\"meta-nav\">&rarr;<\/span><\/a><\/p>\n","protected":false},"author":1,"featured_media":0,"parent":8,"menu_order":0,"comment_status":"closed","ping_status":"closed","template":"","meta":{"ngg_post_thumbnail":0,"footnotes":""},"class_list":["post-171","page","type-page","status-publish","hentry"],"jetpack_sharing_enabled":true,"_links":{"self":[{"href":"https:\/\/rsv-herten.de\/wordpress\/index.php?rest_route=\/wp\/v2\/pages\/171","targetHints":{"allow":["GET"]}}],"collection":[{"href":"https:\/\/rsv-herten.de\/wordpress\/index.php?rest_route=\/wp\/v2\/pages"}],"about":[{"href":"https:\/\/rsv-herten.de\/wordpress\/index.php?rest_route=\/wp\/v2\/types\/page"}],"author":[{"embeddable":true,"href":"https:\/\/rsv-herten.de\/wordpress\/index.php?rest_route=\/wp\/v2\/users\/1"}],"replies":[{"embeddable":true,"href":"https:\/\/rsv-herten.de\/wordpress\/index.php?rest_route=%2Fwp%2Fv2%2Fcomments&post=171"}],"version-history":[{"count":36,"href":"https:\/\/rsv-herten.de\/wordpress\/index.php?rest_route=\/wp\/v2\/pages\/171\/revisions"}],"predecessor-version":[{"id":1284,"href":"https:\/\/rsv-herten.de\/wordpress\/index.php?rest_route=\/wp\/v2\/pages\/171\/revisions\/1284"}],"up":[{"embeddable":true,"href":"https:\/\/rsv-herten.de\/wordpress\/index.php?rest_route=\/wp\/v2\/pages\/8"}],"wp:attachment":[{"href":"https:\/\/rsv-herten.de\/wordpress\/index.php?rest_route=%2Fwp%2Fv2%2Fmedia&parent=171"}],"curies":[{"name":"wp","href":"https:\/\/api.w.org\/{rel}","templated":true}]}}