{"id":38,"date":"2013-02-02T19:48:47","date_gmt":"2013-02-02T17:48:47","guid":{"rendered":"http:\/\/rsv-herten.de\/wordpress\/?page_id=38"},"modified":"2022-05-02T22:42:22","modified_gmt":"2022-05-02T20:42:22","slug":"berichte","status":"publish","type":"page","link":"https:\/\/rsv-herten.de\/wordpress\/?page_id=38","title":{"rendered":"Berichte"},"content":{"rendered":"<p>Hier findet ihr Zeitungsberichte \u00fcber den RSV Herten und \u00fcber Wettk\u00e4mpfe an denen unsere Sportler teilgenommen haben<\/p>\n<table border=\"0\">\n<tbody>\n<tr>\n<td>19. November 2017 &#8211; Bezirkspokal 2017: <a href=\"http:\/\/rsv-herten.de\/wordpress\/wp-content\/uploads\/2013\/02\/RV-Lottstetten-holt-sich-sieben-Pokale-_-19.11.17.pdf\">RV Lottstetten holt sich sieben Pokale<\/a><\/td>\n<td><\/td>\n<\/tr>\n<tr>\n<td>25. April 2015 &#8211; 2. Durchgang Bezirkspokal: <a href=\"http:\/\/rsv-herten.de\/wordpress\/wp-content\/uploads\/2013\/02\/Neun-Titelgewinne-f\u00fcr-RV-Lottstetten.pdf\">Neun Titelgewinne f\u00fcr RV Lottstetten<\/a><\/td>\n<td><\/td>\n<\/tr>\n<tr>\n<td>25. Mai 2014 &#8211; Badische Sch\u00fclermeisterschaft: <a href=\"http:\/\/rsv-herten.de\/wordpress\/wp-content\/uploads\/2013\/02\/Kunstrad-Nachwuchs-holt-zwei-Titel.pdf\">Kunstrad-Nachwuchs holt zwei Titel<\/a><a href=\"http:\/\/rsv-herten.de\/wordpress\/wp-content\/uploads\/2013\/02\/Bild-Badische.jpg\"><img loading=\"lazy\" decoding=\"async\" class=\"alignnone wp-image-524\" src=\"http:\/\/rsv-herten.de\/wordpress\/wp-content\/uploads\/2013\/02\/Bild-Badische.jpg\" alt=\"Bild Badische\" width=\"113\" height=\"144\"><\/a><\/td>\n<td><\/td>\n<\/tr>\n<tr>\n<td>04. April 2014 &#8211; Bezirks- und Sch\u00fclermeisterschaft:&nbsp; <a href=\"http:\/\/rsv-herten.de\/wordpress\/wp-content\/uploads\/2013\/02\/Alisa-Lais-gl\u00e4nzt-in-der-K\u00fcr_4.5.14.pdf\">Alisa Lais gl\u00e4nzt in der K\u00fcr <\/a><\/td>\n<td><\/td>\n<\/tr>\n<tr>\n<td>15. April 2014 &#8211; <a href=\"http:\/\/rsv-herten.de\/wordpress\/wp-content\/uploads\/2013\/02\/Alpenland-Sepp-begeistert-mit-fulminantem-Auftritt.pdf\">Alpenland Sepp begeistert mit fulminantem Auftritt<\/a><\/td>\n<td><\/td>\n<\/tr>\n<tr>\n<td>02. April 2014 &#8211; <a href=\"http:\/\/rsv-herten.de\/wordpress\/wp-content\/uploads\/2013\/02\/Martin-Schm\u00e4hling-neuer-Vorsitzender.pdf\">Martin Schm\u00e4hling neuer Vorsitzender<\/a><\/td>\n<td><\/td>\n<\/tr>\n<tr>\n<td>09. Januar 2014 &#8211; <a href=\"http:\/\/rsv-herten.de\/wordpress\/wp-content\/uploads\/2013\/02\/WM-2013-_-_W\u00fcrde-es-noch-mal-machen_.pdf\">WM 2013 : W\u00fcrde es noch mal machen<\/a><\/td>\n<td><\/td>\n<\/tr>\n<tr>\n<td>27. November 2013 &#8211; <a href=\"http:\/\/rsv-herten.de\/wordpress\/wp-content\/uploads\/2013\/02\/WM-2013-_-Starke-Leistungen-gute-Stimmung.pdf\">WM 2013 : Starke Leistungen, gute Stimmung<\/a><\/td>\n<td><\/td>\n<\/tr>\n<tr>\n<td>22. November 2013 &#8211; <a href=\"http:\/\/rsv-herten.de\/wordpress\/wp-content\/uploads\/2013\/02\/WM-2013_-_Anfangs-haben-mich-viele-f\u00fcr-verr\u00fcckt-erkl\u00e4rt_.pdf\">WM 2013 : Anfangs haben mich viele f\u00fcr verr\u00fcckt erkl\u00e4rt<\/a><\/td>\n<td><\/td>\n<\/tr>\n<tr>\n<td>28. August 2013 &#8211; <a href=\"http:\/\/rsv-herten.de\/wordpress\/wp-content\/uploads\/2013\/02\/Der-Endspurt-f\u00fcr-die-WM-l\u00e4uft.pdf\">Der Endspurt f\u00fcr die WM l\u00e4uft<\/a><\/td>\n<td><\/td>\n<\/tr>\n<tr>\n<td>07. Juli 2013 &#8211; Der 3. Durchgang des Bezirkspokals in Lottstetten &#8211; <a href=\"http:\/\/rsv-herten.de\/wordpress\/wp-content\/uploads\/2013\/02\/Alisa-Lais-f\u00e4hrt-in-einer-anderen-Liga.pdf\">Alisa Lais f\u00e4hrt in einer anderen Liga<\/a><\/td>\n<td><\/td>\n<\/tr>\n<tr>\n<td>05. Mai 2013 &#8211; &#8222;Glanztag&#8220; f\u00fcr Kai Schulzendorff &#8211; 2.Platz an der Badischen Meisterschaft &#8211; <a href=\"http:\/\/rsv-herten.de\/wordpress\/wp-content\/uploads\/2013\/02\/Badische-Meisterschaft_13.jpg\"><img loading=\"lazy\" decoding=\"async\" class=\"wp-image-372 alignleft\" src=\"http:\/\/rsv-herten.de\/wordpress\/wp-content\/uploads\/2013\/02\/Badische-Meisterschaft_13.jpg\" alt=\"Badische Meisterschaft_13\" width=\"169\" height=\"173\" srcset=\"https:\/\/rsv-herten.de\/wordpress\/wp-content\/uploads\/2013\/02\/Badische-Meisterschaft_13.jpg 345w, https:\/\/rsv-herten.de\/wordpress\/wp-content\/uploads\/2013\/02\/Badische-Meisterschaft_13-293x300.jpg 293w\" sizes=\"auto, (max-width: 169px) 100vw, 169px\" \/><\/a><a href=\"http:\/\/rsv-herten.de\/wordpress\/wp-content\/uploads\/2013\/02\/Erfolg-f\u00fcr-RV-Lottstetten-und-RSV-Wallbach.pdf\">Erfolg f\u00fcr RV Lottstetten und RSV Wallbach <\/a><a href=\"http:\/\/rsv-herten.de\/wordpress\/wp-content\/uploads\/2013\/02\/Sieben-Medaillen-f\u00fcr-Bezirk.pdf\">Sieben Medaillen f\u00fcr Bezirk<\/a><\/td>\n<td><\/td>\n<\/tr>\n<tr>\n<td>21. April 2013 &#8211; Zweiter Durchgang Bezirkspokal in Dogern &#8211; <a href=\"http:\/\/rsv-herten.de\/wordpress\/wp-content\/uploads\/2013\/02\/Acht-Einzelsiege-f\u00fcr-RV-Lottstetten.pdf\">Acht Einzelsiege f\u00fcr RV Lottstetten<\/a><\/td>\n<td><\/td>\n<\/tr>\n<tr>\n<td>13. April 2013 &#8211; Fr\u00fchlingsfest des Radsportverein Hertens mit &#8222;Alpenland Sepp &amp;co.&#8220; &#8211; <a href=\"http:\/\/rsv-herten.de\/wordpress\/wp-content\/uploads\/2013\/02\/Wenn-der-Berg-zum-Feiern-ins-Tal-kommt.pdf\">Wenn der Berg zum Feiern ins Tal kommt<\/a><\/td>\n<td><\/td>\n<\/tr>\n<tr>\n<td>19. M\u00e4rz 2013 &#8211; Helferaufruf\/ Info WM in der Badischen Zeitung &#8211; <a href=\"http:\/\/rsv-herten.de\/wordpress\/wp-content\/uploads\/2013\/02\/RSV-Herten-Noch-fehlen-Helfer-f\u00fcr-WM.pdf\">RSV Herten-Noch fehlen Helfer f\u00fcr WM<\/a><\/td>\n<td><\/td>\n<\/tr>\n<tr>\n<td>17. M\u00e4rz 2013&nbsp; &#8211;&nbsp; Bezirksmeisterschaft (Sch\u00fcler)&nbsp; in Lottstetten &#8211; <a href=\"http:\/\/rsv-herten.de\/wordpress\/wp-content\/uploads\/2013\/02\/Meisterschaft-17.03.13.jpg\"><img loading=\"lazy\" decoding=\"async\" class=\" wp-image-270 alignleft\" src=\"http:\/\/rsv-herten.de\/wordpress\/wp-content\/uploads\/2013\/02\/Meisterschaft-17.03.13.jpg\" alt=\"Meisterschaft 17.03.13\" width=\"156\" height=\"127\" srcset=\"https:\/\/rsv-herten.de\/wordpress\/wp-content\/uploads\/2013\/02\/Meisterschaft-17.03.13.jpg 434w, https:\/\/rsv-herten.de\/wordpress\/wp-content\/uploads\/2013\/02\/Meisterschaft-17.03.13-300x244.jpg 300w, https:\/\/rsv-herten.de\/wordpress\/wp-content\/uploads\/2013\/02\/Meisterschaft-17.03.13-368x300.jpg 368w\" sizes=\"auto, (max-width: 156px) 100vw, 156px\" \/><\/a><a href=\"http:\/\/rsv-herten.de\/wordpress\/wp-content\/uploads\/2013\/02\/Vier-Titel-f\u00fcr-den-Nachwuchs-des-RV-Lottstetten.pdf\"> Vier Titel f\u00fcr den Nachwuchs des RV Lottste<\/a><a href=\"http:\/\/rsv-herten.de\/wordpress\/wp-content\/uploads\/2013\/02\/Vier-Titel-f\u00fcr-den-Nachwuchs-des-RV-Lottstetten.pdf\">tten&nbsp;<\/a><a href=\"http:\/\/rsv-herten.de\/wordpress\/wp-content\/uploads\/2013\/02\/Anne-Lais-erzielt-h\u00f6chste-Punktzahl-Badische-Zeitung.pdf\">Anne Lais erzielt h\u00f6chste Punktzahl<\/a><\/td>\n<td><\/td>\n<\/tr>\n<tr>\n<td>16. M\u00e4rz 2013&nbsp; &#8211;&nbsp; Showfahren\/ Werbung f\u00fcr die WM in Basel &#8211; <a href=\"http:\/\/rsv-herten.de\/wordpress\/wp-content\/uploads\/2013\/02\/Bild-Showfahren.jpg\"><img loading=\"lazy\" decoding=\"async\" class=\" wp-image-266 alignleft\" src=\"http:\/\/rsv-herten.de\/wordpress\/wp-content\/uploads\/2013\/02\/Bild-Showfahren.jpg\" alt=\"Bild Showfahren\" width=\"147\" height=\"151\" srcset=\"https:\/\/rsv-herten.de\/wordpress\/wp-content\/uploads\/2013\/02\/Bild-Showfahren.jpg 439w, https:\/\/rsv-herten.de\/wordpress\/wp-content\/uploads\/2013\/02\/Bild-Showfahren-292x300.jpg 292w\" sizes=\"auto, (max-width: 147px) 100vw, 147px\" \/><\/a><a href=\"http:\/\/rsv-herten.de\/wordpress\/wp-content\/uploads\/2013\/02\/Radsportverein-sucht-Dutzende-Helfer-Badische-Zeitung.pdf\">Radsportverein sucht Dutzende Helfer<\/a><\/td>\n<td><\/td>\n<\/tr>\n<tr>\n<td>24. Februar 2013 &nbsp; &#8211; &nbsp; &nbsp; Ba-W\u00fc Cup in Wallbach &#8211; <a href=\"http:\/\/rsv-herten.de\/wordpress\/wp-content\/uploads\/2013\/02\/Anne-Lais-Baw\u00fc-Cup.jpg\"><img loading=\"lazy\" decoding=\"async\" class=\"wp-image-239 alignleft\" src=\"http:\/\/rsv-herten.de\/wordpress\/wp-content\/uploads\/2013\/02\/Anne-Lais-Baw\u00fc-Cup.jpg\" alt=\"Anne Lais Baw\u00fc Cup\" width=\"92\" height=\"186\"><\/a><a href=\"http:\/\/rsv-herten.de\/wordpress\/wp-content\/uploads\/2013\/02\/Geduld-und-Gleichgewicht-Badische-Zeitung.pdf\">Geduld <\/a><a href=\"http:\/\/rsv-herten.de\/wordpress\/wp-content\/uploads\/2013\/02\/Geduld-und-Gleichgewicht-Badische-Zeitung.pdf\">und Gleichgewicht<\/a><a href=\"http:\/\/www.suedkurier.de\/sport\/regionalsport\/hochrhein\/Platz-sieben-fuer-Alisa-Lais;art3111,5923999,D::cme1159695,7351676\">Bildergalerie<\/a><\/td>\n<td><\/td>\n<\/tr>\n<tr>\n<td>20. Januar 2013&nbsp;&nbsp; &#8211;&nbsp;&nbsp; 1. Durchgang Kreispokal in Herten &#8211; <a href=\"http:\/\/rsv-herten.de\/wordpress\/wp-content\/uploads\/2013\/02\/Alisa-Lais_H\u00f6chstpunktzahl.jpg\"><img loading=\"lazy\" decoding=\"async\" class=\" wp-image-136 alignleft\" src=\"http:\/\/rsv-herten.de\/wordpress\/wp-content\/uploads\/2013\/02\/Alisa-Lais_H\u00f6chstpunktzahl-279x300.jpg\" alt=\"Alisa Lais_H\u00f6chstpunktzahl\" width=\"126\" height=\"134\" srcset=\"https:\/\/rsv-herten.de\/wordpress\/wp-content\/uploads\/2013\/02\/Alisa-Lais_H\u00f6chstpunktzahl-279x300.jpg 279w, https:\/\/rsv-herten.de\/wordpress\/wp-content\/uploads\/2013\/02\/Alisa-Lais_H\u00f6chstpunktzahl.jpg 419w\" sizes=\"auto, (max-width: 126px) 100vw, 126px\" \/><\/a><a href=\"http:\/\/rsv-herten.de\/wordpress\/wp-content\/uploads\/2013\/02\/Alisa-Lais-erzielt-H\u00f6chstnote-Badische-Zeitung.pdf\">Alisa Lais erzielt H\u00f6chstnote<\/a><\/td>\n<td><\/td>\n<\/tr>\n<tr>\n<td>29. Nov. 2012&nbsp;&nbsp; &#8211;&nbsp;&nbsp; Kreispokal 2012 &#8211; <a href=\"http:\/\/rsv-herten.de\/wordpress\/wp-content\/uploads\/2013\/02\/Alisa-Lais-Klasse-f\u00fcr-sich.jpg\"><img loading=\"lazy\" decoding=\"async\" class=\" wp-image-137 alignleft\" src=\"http:\/\/rsv-herten.de\/wordpress\/wp-content\/uploads\/2013\/02\/Alisa-Lais-Klasse-f\u00fcr-sich-300x226.jpg\" alt=\"Alisa Lais Klasse f\u00fcr sich\" width=\"140\" height=\"107\" srcset=\"https:\/\/rsv-herten.de\/wordpress\/wp-content\/uploads\/2013\/02\/Alisa-Lais-Klasse-f\u00fcr-sich-397x300.jpg 397w, https:\/\/rsv-herten.de\/wordpress\/wp-content\/uploads\/2013\/02\/Alisa-Lais-Klasse-f\u00fcr-sich.jpg 1024w\" sizes=\"auto, (max-width: 140px) 100vw, 140px\" \/><\/a><a href=\"http:\/\/rsv-herten.de\/wordpress\/wp-content\/uploads\/2013\/02\/Alisa-Lais-eine-Klasse-f\u00fcr-sich-Badische-Zeitung.pdf\">Alisa Lais eine Klasse f\u00fcr sich <\/a><\/td>\n<td><\/td>\n<\/tr>\n<tr>\n<td>03. Nov. 2012&nbsp;&nbsp;&nbsp; &#8211;&nbsp; Kartenvorverkauf WM 2013 in Basel &#8211; <a href=\"http:\/\/rsv-herten.de\/wordpress\/wp-content\/uploads\/2013\/02\/Ersten-Karten-verkauft.jpg\"><img loading=\"lazy\" decoding=\"async\" class=\" wp-image-138 alignleft\" src=\"http:\/\/rsv-herten.de\/wordpress\/wp-content\/uploads\/2013\/02\/Ersten-Karten-verkauft-300x189.jpg\" alt=\"Ersten Karten verkauft\" width=\"169\" height=\"109\"><\/a><a href=\"http:\/\/rsv-herten.de\/wordpress\/wp-content\/uploads\/2013\/02\/Die-ersten-Karten-sind-verkauft-Badische-Zeitung.pdf\">Die ersten Karten sind verkauft<\/a><\/td>\n<td><\/td>\n<\/tr>\n<tr>\n<td>19. M\u00e4rz 2012&nbsp;&nbsp;&nbsp; &#8211;&nbsp; Erste Infos zur WM &#8211; <a href=\"http:\/\/rsv-herten.de\/wordpress\/wp-content\/uploads\/2013\/02\/es-dreht-sich-um-die-WM.jpg\"><img loading=\"lazy\" decoding=\"async\" class=\" wp-image-139 alignleft\" src=\"http:\/\/rsv-herten.de\/wordpress\/wp-content\/uploads\/2013\/02\/es-dreht-sich-um-die-WM-300x206.jpg\" alt=\"es dreht sich um die WM\" width=\"143\" height=\"100\"><\/a><a href=\"http:\/\/rsv-herten.de\/wordpress\/wp-content\/uploads\/2013\/02\/In-Herten-dreht-sich-alles-um-die-Hallen-Radsport-WM-2013-Badische-Zeitung.pdf\">In Herten dreht sich alles um die Hallen-<\/a><a href=\"http:\/\/rsv-herten.de\/wordpress\/wp-content\/uploads\/2013\/02\/In-Herten-dreht-sich-alles-um-die-Hallen-Radsport-WM-2013-Badische-Zeitung.pdf\">Radsport-WM 2013 <\/a><\/td>\n<td><\/td>\n<\/tr>\n<\/tbody>\n<\/table>\n<p>&nbsp;<\/p>\n","protected":false},"excerpt":{"rendered":"<p>Hier findet ihr Zeitungsberichte \u00fcber den RSV Herten und \u00fcber Wettk\u00e4mpfe an denen unsere Sportler teilgenommen haben 19. November 2017 &#8211; Bezirkspokal 2017: RV Lottstetten holt sich sieben Pokale 25. April 2015 &#8211; 2. Durchgang Bezirkspokal: Neun Titelgewinne f\u00fcr RV &hellip; <a href=\"https:\/\/rsv-herten.de\/wordpress\/?page_id=38\">Weiterlesen <span class=\"meta-nav\">&rarr;<\/span><\/a><\/p>\n","protected":false},"author":1,"featured_media":0,"parent":8,"menu_order":3,"comment_status":"closed","ping_status":"closed","template":"","meta":{"ngg_post_thumbnail":0,"footnotes":""},"class_list":["post-38","page","type-page","status-publish","hentry"],"jetpack_sharing_enabled":true,"_links":{"self":[{"href":"https:\/\/rsv-herten.de\/wordpress\/index.php?rest_route=\/wp\/v2\/pages\/38","targetHints":{"allow":["GET"]}}],"collection":[{"href":"https:\/\/rsv-herten.de\/wordpress\/index.php?rest_route=\/wp\/v2\/pages"}],"about":[{"href":"https:\/\/rsv-herten.de\/wordpress\/index.php?rest_route=\/wp\/v2\/types\/page"}],"author":[{"embeddable":true,"href":"https:\/\/rsv-herten.de\/wordpress\/index.php?rest_route=\/wp\/v2\/users\/1"}],"replies":[{"embeddable":true,"href":"https:\/\/rsv-herten.de\/wordpress\/index.php?rest_route=%2Fwp%2Fv2%2Fcomments&post=38"}],"version-history":[{"count":47,"href":"https:\/\/rsv-herten.de\/wordpress\/index.php?rest_route=\/wp\/v2\/pages\/38\/revisions"}],"predecessor-version":[{"id":857,"href":"https:\/\/rsv-herten.de\/wordpress\/index.php?rest_route=\/wp\/v2\/pages\/38\/revisions\/857"}],"up":[{"embeddable":true,"href":"https:\/\/rsv-herten.de\/wordpress\/index.php?rest_route=\/wp\/v2\/pages\/8"}],"wp:attachment":[{"href":"https:\/\/rsv-herten.de\/wordpress\/index.php?rest_route=%2Fwp%2Fv2%2Fmedia&parent=38"}],"curies":[{"name":"wp","href":"https:\/\/api.w.org\/{rel}","templated":true}]}}